{"id":672,"date":"2021-01-28T11:24:24","date_gmt":"2021-01-28T11:24:24","guid":{"rendered":"https:\/\/hoteldoradoreal.com\/?page_id=672"},"modified":"2024-01-05T20:17:27","modified_gmt":"2024-01-06T01:17:27","slug":"contrato-hotelero","status":"publish","type":"page","link":"https:\/\/hoteldoradoreal.com\/index.php\/contrato-hotelero\/","title":{"rendered":"Contrato Hotelero"},"content":{"rendered":"\t\t<div data-elementor-type=\"wp-page\" data-elementor-id=\"672\" class=\"elementor elementor-672\">\n\t\t\t\t\t\t<section class=\"elementor-section elementor-top-section elementor-element elementor-element-7d4f57bd elementor-section-content-middle elementor-section-boxed elementor-section-height-default elementor-section-height-default\" data-id=\"7d4f57bd\" data-element_type=\"section\">\n\t\t\t\t\t\t<div class=\"elementor-container elementor-column-gap-default\">\n\t\t\t\t\t<div class=\"elementor-column elementor-col-50 elementor-top-column elementor-element elementor-element-776c2c53\" data-id=\"776c2c53\" data-element_type=\"column\">\n\t\t\t<div class=\"elementor-widget-wrap elementor-element-populated\">\n\t\t\t\t\t\t<div class=\"elementor-element elementor-element-4b989a6c elementor-widget elementor-widget-heading\" data-id=\"4b989a6c\" data-element_type=\"widget\" data-widget_type=\"heading.default\">\n\t\t\t\t<div class=\"elementor-widget-container\">\n\t\t\t\t\t<h2 class=\"elementor-heading-title elementor-size-default\">Se\u00f1or(a) Huesped. \u00c9sta Informaci\u00f3n es para Usted:<\/h2>\t\t\t\t<\/div>\n\t\t\t\t<\/div>\n\t\t\t\t<div class=\"elementor-element elementor-element-18abc2a6 elementor-widget elementor-widget-text-editor\" data-id=\"18abc2a6\" data-element_type=\"widget\" data-widget_type=\"text-editor.default\">\n\t\t\t\t<div class=\"elementor-widget-container\">\n\t\t\t\t\t\t\t\t\t<p>Bienvenidos al Hotel Dorado Real \/ Hostel Montana, durante su estancia con nosotros, tenga en cuenta las siguientes recomendaciones para hacer de su estad\u00eda un pl\u00e1cido momento<\/p>\t\t\t\t\t\t\t\t<\/div>\n\t\t\t\t<\/div>\n\t\t\t\t\t<\/div>\n\t\t<\/div>\n\t\t\t\t<div class=\"elementor-column elementor-col-50 elementor-top-column elementor-element elementor-element-539697db\" data-id=\"539697db\" data-element_type=\"column\">\n\t\t\t<div class=\"elementor-widget-wrap elementor-element-populated\">\n\t\t\t\t\t\t<div class=\"elementor-element elementor-element-4838e7e0 elementor-widget elementor-widget-image\" data-id=\"4838e7e0\" data-element_type=\"widget\" data-widget_type=\"image.default\">\n\t\t\t\t<div class=\"elementor-widget-container\">\n\t\t\t\t\t\t\t\t\t\t\t\t\t\t\t<img fetchpriority=\"high\" decoding=\"async\" width=\"768\" height=\"777\" src=\"https:\/\/hoteldoradoreal.com\/wp-content\/uploads\/2021\/01\/img1-1-768x777.png\" class=\"attachment-medium_large size-medium_large wp-image-674\" alt=\"\" srcset=\"https:\/\/hoteldoradoreal.com\/wp-content\/uploads\/2021\/01\/img1-1-768x777.png 768w, https:\/\/hoteldoradoreal.com\/wp-content\/uploads\/2021\/01\/img1-1-297x300.png 297w, https:\/\/hoteldoradoreal.com\/wp-content\/uploads\/2021\/01\/img1-1.png 800w\" sizes=\"(max-width: 768px) 100vw, 768px\" \/>\t\t\t\t\t\t\t\t\t\t\t\t\t\t\t<\/div>\n\t\t\t\t<\/div>\n\t\t\t\t\t<\/div>\n\t\t<\/div>\n\t\t\t\t\t<\/div>\n\t\t<\/section>\n\t\t\t\t<section class=\"elementor-section elementor-top-section elementor-element elementor-element-ae8594f elementor-section-boxed elementor-section-height-default elementor-section-height-default\" data-id=\"ae8594f\" data-element_type=\"section\">\n\t\t\t\t\t\t<div class=\"elementor-container elementor-column-gap-default\">\n\t\t\t\t\t<div class=\"elementor-column elementor-col-100 elementor-top-column elementor-element elementor-element-c30c51f\" data-id=\"c30c51f\" data-element_type=\"column\">\n\t\t\t<div class=\"elementor-widget-wrap elementor-element-populated\">\n\t\t\t\t\t\t<section class=\"elementor-section elementor-inner-section elementor-element elementor-element-9300fa9 elementor-section-boxed elementor-section-height-default elementor-section-height-default\" data-id=\"9300fa9\" data-element_type=\"section\">\n\t\t\t\t\t\t<div class=\"elementor-container elementor-column-gap-default\">\n\t\t\t\t\t<div class=\"elementor-column elementor-col-50 elementor-inner-column elementor-element elementor-element-921970d\" data-id=\"921970d\" data-element_type=\"column\">\n\t\t\t<div class=\"elementor-widget-wrap elementor-element-populated\">\n\t\t\t\t\t\t<div class=\"elementor-element elementor-element-72ad4dc elementor-widget elementor-widget-text-editor\" data-id=\"72ad4dc\" data-element_type=\"widget\" data-widget_type=\"text-editor.default\">\n\t\t\t\t<div class=\"elementor-widget-container\">\n\t\t\t\t\t\t\t\t\t<p><em><strong>Sus derechos:<\/strong><\/em><\/p><ol><li>Conocer el espacio y que este cumpla con las expectativas ofrecidas<\/li><li>Recibir un trato respetuoso y ser escuchado<\/li><li>Conocer los precios del servicio contratado y de los productos en venta<\/li><li>A ser informado de alg\u00fan cambio o imprevisto que afecto su estad\u00eda<\/li><li>A hacer uso del servicio hotelero contratado<\/li><li>A informar sobre alguna situaci\u00f3n que afecte su descanso o estad\u00eda en el Hotel<\/li><li>A solicitar factura por el servicio<\/li><\/ol>\t\t\t\t\t\t\t\t<\/div>\n\t\t\t\t<\/div>\n\t\t\t\t\t<\/div>\n\t\t<\/div>\n\t\t\t\t<div class=\"elementor-column elementor-col-50 elementor-inner-column elementor-element elementor-element-dc8dcc9\" data-id=\"dc8dcc9\" data-element_type=\"column\">\n\t\t\t<div class=\"elementor-widget-wrap elementor-element-populated\">\n\t\t\t\t\t\t<div class=\"elementor-element elementor-element-cdac3c0 elementor-widget elementor-widget-text-editor\" data-id=\"cdac3c0\" data-element_type=\"widget\" data-widget_type=\"text-editor.default\">\n\t\t\t\t<div class=\"elementor-widget-container\">\n\t\t\t\t\t\t\t\t\t<p><em><strong>Sus deberes:<\/strong><\/em><\/p><ol><li>Cuidar de las instalaciones del hotel haciendo buen uso de estas y responder econ\u00f3micamente si ocurriera alg\u00fan da\u00f1o o perdida<\/li><li>Tratar con respeto y educaci\u00f3n a los colaboradores del hotel y otros hu\u00e9spedes<\/li><li>Hacer un uso racional del agua y de la energ\u00eda, procurando cerrar la llave cuando no la necesite, apagar la luz, el TV cuando no los este usando, y desconectar los equipos que no tenga en uso.<\/li><li>Cumplir con el presente contrato hotelero.<\/li><li>Prevenir y contrarrestar la explotaci\u00f3n, la pornograf\u00eda y el turismo sexual con menores ley 679\/2001<\/li><li>Cuidar del patrimonio cultural, ecol\u00f3gico y\/o arqueol\u00f3gico en sus visitas a diferentes lugares de la ciudad.<\/li><li>Proteger su integridad y la de sus acompa\u00f1antes, previniendo alg\u00fan accidente que afecte su integridad.<\/li><li>Cumplir a cabalidad los Protocolos de Bioseguridad en el marco de la Emergencia del COVID-19, los cuales puede consultar <strong><a href=\"https:\/\/hoteldoradoreal.com\/index.php\/protocolobioseguridad\/\">ac\u00e1.<\/a><\/strong><\/li><\/ol>\t\t\t\t\t\t\t\t<\/div>\n\t\t\t\t<\/div>\n\t\t\t\t\t<\/div>\n\t\t<\/div>\n\t\t\t\t\t<\/div>\n\t\t<\/section>\n\t\t\t\t<div class=\"elementor-element elementor-element-897744c elementor-widget elementor-widget-text-editor\" data-id=\"897744c\" data-element_type=\"widget\" data-widget_type=\"text-editor.default\">\n\t\t\t\t<div class=\"elementor-widget-container\">\n\t\t\t\t\t\t\t\t\t<p><em><strong>Tenga en cuenta:<\/strong><\/em><\/p><ul><li><em><strong>&#8211; <\/strong><\/em>Entregue las llaves de la habitaci\u00f3n en recepci\u00f3n al salir y solic\u00edtelas al ingreso<\/li><li>La p\u00e9rdida o da\u00f1o de la llave o llavero tiene un costo de $20.000<\/li><li>No fume dentro de las instalaciones del hotel. Se cobrara $20.000 por desodorizaci\u00f3n de la habitaci\u00f3n en caso que incumpla la ley 1335 de 2009 art. 18 y 19.<\/li><li>Al realizar su salida o check out 12 a 1 de la tarde: entregue la llave de la habitaci\u00f3n, el control remoto y las toallas a la camarera<\/li><li>Est\u00e1n prohibidas la mascotas dentro de las instalaciones del hotel<\/li><li>Cuide sus pertenencias; si desea dejar en recepci\u00f3n alg\u00fan bien en custodia solicite un recibo por el mismo.<\/li><li>El Hotel no se hace responsable por situaciones, accidentes que sucedan por mal o inadecuado uso de las instalaciones del mismo.<\/li><li>El horario de salida es a la 1:00 de la tarde, si su estancia se prologar\u00e1, por favor informe con tiempo a los colaboradores del hotel.<\/li><li>El contrato\u00a0\u00a0 de hospedaje se Prueba mediante la tarjeta de registro hotelero que expide el Hotel, aceptada por El hu\u00e9sped con su firma as\u00ed como Acepta todas las estipulaciones descritas en el anterior documento de Derechos y deberes del hotel y el hu\u00e9sped cuya copia lee usted y que tambi\u00e9n se encuentra publicado en las Carteleras, habitaciones y web del hotel.<\/li><li>El Hotel garantiza el adecuado manejo de sus datos personales en cumplimiento de la Ley 1581\/2012 y a su Decreto Reglamentario 1377\/2013.<\/li><\/ul><p>Disfrute su estancia, estamos para servirle.<\/p>\t\t\t\t\t\t\t\t<\/div>\n\t\t\t\t<\/div>\n\t\t\t\t\t<\/div>\n\t\t<\/div>\n\t\t\t\t\t<\/div>\n\t\t<\/section>\n\t\t\t\t<\/div>\n\t\t","protected":false},"excerpt":{"rendered":"<p>Se\u00f1or(a) Huesped. \u00c9sta Informaci\u00f3n es para Usted: Bienvenidos al Hotel Dorado Real \/ Hostel Montana, durante su estancia con nosotros, tenga en cuenta las siguientes recomendaciones para hacer de su estad\u00eda un pl\u00e1cido momento Sus derechos: Conocer el espacio y que este cumpla con las expectativas ofrecidas Recibir un trato respetuoso y ser escuchado Conocer&hellip;&nbsp;<a href=\"https:\/\/hoteldoradoreal.com\/index.php\/contrato-hotelero\/\" class=\"\" rel=\"bookmark\">Leer m\u00e1s &raquo;<span class=\"screen-reader-text\">Contrato Hotelero<\/span><\/a><\/p>\n","protected":false},"author":2,"featured_media":0,"parent":0,"menu_order":0,"comment_status":"closed","ping_status":"closed","template":"page-templates\/template-pagebuilder-full-width.php","meta":{"neve_meta_sidebar":"full-width","neve_meta_container":"","neve_meta_enable_content_width":"on","neve_meta_content_width":100,"neve_meta_title_alignment":"","neve_meta_author_avatar":"","neve_post_elements_order":"","neve_meta_disable_header":"","neve_meta_disable_footer":"","neve_meta_disable_title":"","_joinchat":[],"footnotes":""},"class_list":["post-672","page","type-page","status-publish","hentry"],"_links":{"self":[{"href":"https:\/\/hoteldoradoreal.com\/index.php\/wp-json\/wp\/v2\/pages\/672","targetHints":{"allow":["GET"]}}],"collection":[{"href":"https:\/\/hoteldoradoreal.com\/index.php\/wp-json\/wp\/v2\/pages"}],"about":[{"href":"https:\/\/hoteldoradoreal.com\/index.php\/wp-json\/wp\/v2\/types\/page"}],"author":[{"embeddable":true,"href":"https:\/\/hoteldoradoreal.com\/index.php\/wp-json\/wp\/v2\/users\/2"}],"replies":[{"embeddable":true,"href":"https:\/\/hoteldoradoreal.com\/index.php\/wp-json\/wp\/v2\/comments?post=672"}],"version-history":[{"count":13,"href":"https:\/\/hoteldoradoreal.com\/index.php\/wp-json\/wp\/v2\/pages\/672\/revisions"}],"predecessor-version":[{"id":1007,"href":"https:\/\/hoteldoradoreal.com\/index.php\/wp-json\/wp\/v2\/pages\/672\/revisions\/1007"}],"wp:attachment":[{"href":"https:\/\/hoteldoradoreal.com\/index.php\/wp-json\/wp\/v2\/media?parent=672"}],"curies":[{"name":"wp","href":"https:\/\/api.w.org\/{rel}","templated":true}]}}